{"id":94,"date":"2023-07-26T20:35:48","date_gmt":"2023-07-26T18:35:48","guid":{"rendered":"http:\/\/aetjfamily.fr\/?page_id=94"},"modified":"2023-08-06T10:56:55","modified_gmt":"2023-08-06T08:56:55","slug":"transport-hebergement","status":"publish","type":"page","link":"https:\/\/aetjfamily.fr\/?page_id=94","title":{"rendered":"Transport &#038; H\u00e9bergement"},"content":{"rendered":"<h1>Transport<\/h1>\n<p>Pour vous rendre \u00e0 l&rsquo;Eglise de Ligueil puis au ch\u00e2teau de St Senoch (\u00e0 Varennes en Indre et Loire), le plus simple est de s&rsquo;y rendre en voiture, la gare la plus proche (Loches) se situant \u00e0 une vingtaine de kilom\u00e8tre de l&rsquo;Eglise.<\/p>\n<p>Pour ceux qui n&rsquo;ont pas de possibilit\u00e9 de venir en voiture, n&rsquo;h\u00e9sitez pas \u00e0 nous le faire savoir pour que nous essayons de trouver une solution. La gare TGV la plus proche est celle de Tours \/ St Pierre-des-Corps. Vous pouvez ensuite vous rendre en train \u00e0 Loches en 45 minutes.<\/p>\n<p>Vous trouverez par ailleurs ci-dessous un espace r\u00e9serv\u00e9 \u00e0 nos invit\u00e9s pour que vous puissiez, si vous le souhaitez, organiser des covoiturages entre vous.<\/p>\n<p style=\"text-align: center;\"><iframe style=\"border: none; width: 412px; height: 172px;\" src=\"https:\/\/www.togetzer.com\/widget.php?params=YTo0OntzOjExOiJhcHBsaWVkVHlwZSI7czo1OiJldmVudCI7czo0OiJ0eXBlIjtzOjU6ImNhcnJlIjtzOjI6ImlkIjtzOjU6IjQwNzQwIjtzOjc6Im9wdGlvbnMiO086Mjk6IklsbHVtaW5hdGVcU3VwcG9ydFxDb2xsZWN0aW9uIjoxOntzOjg6IgAqAGl0ZW1zIjthOjI6e3M6NToiY29sb3IiO3M6NToiYmxhbmMiO3M6NjoiYm9yZGVyIjtzOjU6ImNhcnJlIjt9fX0=\"><\/iframe><\/p>\n<p>&nbsp;<\/p>\n<h1>H\u00e9bergements<\/h1>\n<p>Vous trouverez ci-dessous une carte listant quelques h\u00e9bergements \u00e0 proximit\u00e9 et leurs contacts.<\/p>\n<p>Pour ceux d&rsquo;entre vous qui souhaiteraient poser leur tente dans le jardin du ch\u00e2teau (sur le parking enherb\u00e9), contactez-nous.<\/p>\n\n","protected":false},"excerpt":{"rendered":"<p>Transport Pour vous rendre \u00e0 l&rsquo;Eglise de Ligueil puis au ch\u00e2teau de St Senoch (\u00e0 Varennes en Indre et Loire),<\/p>\n<p><a href=\"https:\/\/aetjfamily.fr\/?page_id=94\" class=\"more-link\">Continue reading<span class=\"screen-reader-text\">Transport &#038; H\u00e9bergement<\/span><\/a><\/p>\n","protected":false},"author":1,"featured_media":0,"parent":0,"menu_order":2,"comment_status":"closed","ping_status":"closed","template":"","meta":{"footnotes":""},"class_list":["post-94","page","type-page","status-publish","hentry"],"_links":{"self":[{"href":"https:\/\/aetjfamily.fr\/index.php?rest_route=\/wp\/v2\/pages\/94","targetHints":{"allow":["GET"]}}],"collection":[{"href":"https:\/\/aetjfamily.fr\/index.php?rest_route=\/wp\/v2\/pages"}],"about":[{"href":"https:\/\/aetjfamily.fr\/index.php?rest_route=\/wp\/v2\/types\/page"}],"author":[{"embeddable":true,"href":"https:\/\/aetjfamily.fr\/index.php?rest_route=\/wp\/v2\/users\/1"}],"replies":[{"embeddable":true,"href":"https:\/\/aetjfamily.fr\/index.php?rest_route=%2Fwp%2Fv2%2Fcomments&post=94"}],"version-history":[{"count":13,"href":"https:\/\/aetjfamily.fr\/index.php?rest_route=\/wp\/v2\/pages\/94\/revisions"}],"predecessor-version":[{"id":133,"href":"https:\/\/aetjfamily.fr\/index.php?rest_route=\/wp\/v2\/pages\/94\/revisions\/133"}],"wp:attachment":[{"href":"https:\/\/aetjfamily.fr\/index.php?rest_route=%2Fwp%2Fv2%2Fmedia&parent=94"}],"curies":[{"name":"wp","href":"https:\/\/api.w.org\/{rel}","templated":true}]}}