{"id":39,"date":"2023-07-17T15:36:25","date_gmt":"2023-07-17T13:36:25","guid":{"rendered":"http:\/\/aetjfamily.fr\/?page_id=39"},"modified":"2023-08-06T11:12:27","modified_gmt":"2023-08-06T09:12:27","slug":"le-programme","status":"publish","type":"page","link":"https:\/\/aetjfamily.fr\/","title":{"rendered":"Le programme"},"content":{"rendered":"<h3 style=\"text-align: center;\">Samedi 7 octobre 2023<\/h3>\n<p style=\"text-align: center;\"><strong>Mariage civil &#8211; 10h (<\/strong><em><strong>r\u00e9serv\u00e9 \u00e0 nos familles proches et t\u00e9moins)<\/strong> <\/em><br \/>\nMairie de Ch\u00e2tellerault, Boulevard Blossac, 86100 Ch\u00e2tellerault<\/p>\n<p style=\"text-align: center;\"><strong>Messe de Mariage &#8211; 15h30<\/strong><br \/>\nEglise St Martin de Ligueil, rue de l&rsquo;Eglise, 37240 Ligueil<\/p>\n<p style=\"text-align: center;\"><strong>Cocktail &#8211; 18h<\/strong><br \/>\nCh\u00e2teau de St Senoch, 37600 Varennes<\/p>\n<p style=\"text-align: center;\"><strong>D\u00eener puis soir\u00e9e dansante &#8211; 20h<\/strong><br \/>\nCh\u00e2teau de St Senoch, 37600 Varennes<\/p>\n<h3 style=\"text-align: center;\">Dimanche 8 octobre 2023<\/h3>\n<p style=\"text-align: center;\"><strong>Brunch &#8211; \u00e0 partir de 11h\u00a0<\/strong><br \/>\nCh\u00e2teau de St Senoch, 37600 Varennes<\/p>\n<p style=\"text-align: center;\">\n<p style=\"text-align: center;\"><\/p>\n","protected":false},"excerpt":{"rendered":"<p>Samedi 7 octobre 2023 Mariage civil &#8211; 10h (r\u00e9serv\u00e9 \u00e0 nos familles proches et t\u00e9moins) Mairie de Ch\u00e2tellerault, Boulevard Blossac,<\/p>\n<p><a href=\"https:\/\/aetjfamily.fr\/\" class=\"more-link\">Continue reading<span class=\"screen-reader-text\">Le programme<\/span><\/a><\/p>\n","protected":false},"author":1,"featured_media":0,"parent":0,"menu_order":0,"comment_status":"closed","ping_status":"closed","template":"","meta":{"footnotes":""},"class_list":["post-39","page","type-page","status-publish","hentry"],"_links":{"self":[{"href":"https:\/\/aetjfamily.fr\/index.php?rest_route=\/wp\/v2\/pages\/39","targetHints":{"allow":["GET"]}}],"collection":[{"href":"https:\/\/aetjfamily.fr\/index.php?rest_route=\/wp\/v2\/pages"}],"about":[{"href":"https:\/\/aetjfamily.fr\/index.php?rest_route=\/wp\/v2\/types\/page"}],"author":[{"embeddable":true,"href":"https:\/\/aetjfamily.fr\/index.php?rest_route=\/wp\/v2\/users\/1"}],"replies":[{"embeddable":true,"href":"https:\/\/aetjfamily.fr\/index.php?rest_route=%2Fwp%2Fv2%2Fcomments&post=39"}],"version-history":[{"count":6,"href":"https:\/\/aetjfamily.fr\/index.php?rest_route=\/wp\/v2\/pages\/39\/revisions"}],"predecessor-version":[{"id":131,"href":"https:\/\/aetjfamily.fr\/index.php?rest_route=\/wp\/v2\/pages\/39\/revisions\/131"}],"wp:attachment":[{"href":"https:\/\/aetjfamily.fr\/index.php?rest_route=%2Fwp%2Fv2%2Fmedia&parent=39"}],"curies":[{"name":"wp","href":"https:\/\/api.w.org\/{rel}","templated":true}]}}