{"id":20,"date":"2023-07-06T11:45:44","date_gmt":"2023-07-06T09:45:44","guid":{"rendered":"http:\/\/aetjfamily.fr\/?page_id=20"},"modified":"2023-07-06T13:38:54","modified_gmt":"2023-07-06T11:38:54","slug":"faq","status":"publish","type":"page","link":"https:\/\/aetjfamily.fr\/?page_id=20","title":{"rendered":"FAQ"},"content":{"rendered":"<style>#sp-ea-13 .spcollapsing { height: 0; overflow: hidden; transition-property: height;transition-duration: 300ms;}#sp-ea-13.sp-easy-accordion>.sp-ea-single {margin-bottom: 10px; border: 1px solid #e2e2e2; }#sp-ea-13.sp-easy-accordion>.sp-ea-single>.ea-header a {color: #444;}#sp-ea-13.sp-easy-accordion>.sp-ea-single>.sp-collapse>.ea-body {background: #fff; color: #444;}#sp-ea-13.sp-easy-accordion>.sp-ea-single {background: #eee;}#sp-ea-13.sp-easy-accordion>.sp-ea-single>.ea-header a .ea-expand-icon { float: left; color: #444;font-size: 16px;}<\/style><div id=\"sp_easy_accordion-1688636763\"><div id=\"sp-ea-13\" class=\"sp-ea-one sp-easy-accordion\" data-ea-active=\"ea-click\" data-ea-mode=\"vertical\" data-preloader=\"\" data-scroll-active-item=\"\" data-offset-to-scroll=\"0\"><div class=\"ea-card ea-expand sp-ea-single\"><h3 class=\"ea-header\"><a class=\"collapsed\" id=\"ea-header-130\" role=\"button\" data-sptoggle=\"spcollapse\" data-sptarget=\"#collapse130\" aria-controls=\"collapse130\" href=\"#\" aria-expanded=\"true\" tabindex=\"0\"><i aria-hidden=\"true\" role=\"presentation\" class=\"ea-expand-icon eap-icon-ea-expand-minus\"><\/i> Quel est le dress-code ?<\/a><\/h3><div class=\"sp-collapse spcollapse collapsed show\" id=\"collapse130\" data-parent=\"#sp-ea-13\" role=\"region\" aria-labelledby=\"ea-header-130\"> <div class=\"ea-body\"><p>Nous n'avons pas \u00e9tabli de dress-code particulier pour nos invit\u00e9s. La robe blanche reste pour autant r\u00e9serv\u00e9e \u00e0 la mari\u00e9e.<\/p><\/div><\/div><\/div><div class=\"ea-card sp-ea-single\"><h3 class=\"ea-header\"><a class=\"collapsed\" id=\"ea-header-131\" role=\"button\" data-sptoggle=\"spcollapse\" data-sptarget=\"#collapse131\" aria-controls=\"collapse131\" href=\"#\" aria-expanded=\"false\" tabindex=\"0\"><i aria-hidden=\"true\" role=\"presentation\" class=\"ea-expand-icon eap-icon-ea-expand-plus\"><\/i> Les enfants sont-ils invit\u00e9s ?<\/a><\/h3><div class=\"sp-collapse spcollapse \" id=\"collapse131\" data-parent=\"#sp-ea-13\" role=\"region\" aria-labelledby=\"ea-header-131\"> <div class=\"ea-body\"><p>Si l'ensemble de nos invit\u00e9s venaient avec leurs enfants, notre mariage compterait probablement plus d'enfants que d'adultes et nous ne pourrions pas vous accueillir dans de bonnes conditions.<\/p><p>Pour autant, si vous n'avez pas de solution de garde pour vos enfants, faites le nous savoir dans le <a href=\"http:\/\/aetjfamily.fr\/?page_id=10\">RSVP<\/a>. Nous avons pr\u00e9vu de les accueillir au mieux avec une salle d\u00e9di\u00e9e avec des babysitters et des animations pour la soir\u00e9e. Pr\u00e9voyez pour autant des matelas pour leur permettre de dormir lorsque l'heure avancera...<\/p><\/div><\/div><\/div><div class=\"ea-card sp-ea-single\"><h3 class=\"ea-header\"><a class=\"collapsed\" id=\"ea-header-132\" role=\"button\" data-sptoggle=\"spcollapse\" data-sptarget=\"#collapse132\" aria-controls=\"collapse132\" href=\"#\" aria-expanded=\"false\" tabindex=\"0\"><i aria-hidden=\"true\" role=\"presentation\" class=\"ea-expand-icon eap-icon-ea-expand-plus\"><\/i> J'ai une allergie alimentaire \/ je suis v\u00e9g\u00e9tarien<\/a><\/h3><div class=\"sp-collapse spcollapse \" id=\"collapse132\" data-parent=\"#sp-ea-13\" role=\"region\" aria-labelledby=\"ea-header-132\"> <div class=\"ea-body\"><p>Faites le nous savoir dans le <a href=\"http:\/\/aetjfamily.fr\/?page_id=10\">RSVP<\/a> en nous confirmant votre venue. Le menu sera adapt\u00e9 en cons\u00e9quence.<\/p><\/div><\/div><\/div><div class=\"ea-card sp-ea-single\"><h3 class=\"ea-header\"><a class=\"collapsed\" id=\"ea-header-133\" role=\"button\" data-sptoggle=\"spcollapse\" data-sptarget=\"#collapse133\" aria-controls=\"collapse133\" href=\"#\" aria-expanded=\"false\" tabindex=\"0\"><i aria-hidden=\"true\" role=\"presentation\" class=\"ea-expand-icon eap-icon-ea-expand-plus\"><\/i> Avez vous \u00e9tabli une liste de mariage ?<\/a><\/h3><div class=\"sp-collapse spcollapse \" id=\"collapse133\" data-parent=\"#sp-ea-13\" role=\"region\" aria-labelledby=\"ea-header-133\"> <div class=\"ea-body\"><p>Nous avons fait le choix de mettre \u00e0 disposition une urne au ch\u00e2teau qui nous permettra notamment de financer les meubles et am\u00e9nagements que nous souhaitons r\u00e9aliser dans l'appartement que nous avons acquis r\u00e9cemment.<\/p><p>Vous pouvez sinon d\u00e9poser votre contribution au bout du <a href=\"https:\/\/www.millemercismariage.com\/aetjfamily\/liste.html\">lien ci-apr\u00e8s<\/a>.<\/p><p>Merci beaucoup !<\/p><\/div><\/div><\/div><div class=\"ea-card sp-ea-single\"><h3 class=\"ea-header\"><a class=\"collapsed\" id=\"ea-header-134\" role=\"button\" data-sptoggle=\"spcollapse\" data-sptarget=\"#collapse134\" aria-controls=\"collapse134\" href=\"#\" aria-expanded=\"false\" tabindex=\"0\"><i aria-hidden=\"true\" role=\"presentation\" class=\"ea-expand-icon eap-icon-ea-expand-plus\"><\/i> Peut-on prendre des photos ?<\/a><\/h3><div class=\"sp-collapse spcollapse \" id=\"collapse134\" data-parent=\"#sp-ea-13\" role=\"region\" aria-labelledby=\"ea-header-134\"> <div class=\"ea-body\"><p>Un photographe sera pr\u00e9sent pendant notre mariage. Nous partagerons bien s\u00fbr toutes ses photos avec vous.<\/p><p>Vous pouvez bien s\u00fbr prendre vos propres photos, mais nous pr\u00e9f\u00e9rerions que celles-ci soient r\u00e9serv\u00e9es \u00e0 d'autres moments que celui de notre messe de mariage.<\/p><\/div><\/div><\/div><\/div><\/div>\n","protected":false},"excerpt":{"rendered":"","protected":false},"author":1,"featured_media":0,"parent":0,"menu_order":6,"comment_status":"closed","ping_status":"closed","template":"","meta":{"footnotes":""},"class_list":["post-20","page","type-page","status-publish","hentry"],"_links":{"self":[{"href":"https:\/\/aetjfamily.fr\/index.php?rest_route=\/wp\/v2\/pages\/20","targetHints":{"allow":["GET"]}}],"collection":[{"href":"https:\/\/aetjfamily.fr\/index.php?rest_route=\/wp\/v2\/pages"}],"about":[{"href":"https:\/\/aetjfamily.fr\/index.php?rest_route=\/wp\/v2\/types\/page"}],"author":[{"embeddable":true,"href":"https:\/\/aetjfamily.fr\/index.php?rest_route=\/wp\/v2\/users\/1"}],"replies":[{"embeddable":true,"href":"https:\/\/aetjfamily.fr\/index.php?rest_route=%2Fwp%2Fv2%2Fcomments&post=20"}],"version-history":[{"count":1,"href":"https:\/\/aetjfamily.fr\/index.php?rest_route=\/wp\/v2\/pages\/20\/revisions"}],"predecessor-version":[{"id":21,"href":"https:\/\/aetjfamily.fr\/index.php?rest_route=\/wp\/v2\/pages\/20\/revisions\/21"}],"wp:attachment":[{"href":"https:\/\/aetjfamily.fr\/index.php?rest_route=%2Fwp%2Fv2%2Fmedia&parent=20"}],"curies":[{"name":"wp","href":"https:\/\/api.w.org\/{rel}","templated":true}]}}