{"id":120,"date":"2023-08-05T17:40:13","date_gmt":"2023-08-05T15:40:13","guid":{"rendered":"http:\/\/aetjfamily.fr\/?page_id=120"},"modified":"2023-08-05T18:46:30","modified_gmt":"2023-08-05T16:46:30","slug":"liste-de-mariage","status":"publish","type":"page","link":"https:\/\/aetjfamily.fr\/?page_id=120","title":{"rendered":"Liste de mariage"},"content":{"rendered":"<p>Si vous souhaitez participer \u00e0 notre installation dans notre futur appartement \u00e0 St Ouen ainsi qu&rsquo;\u00e0 notre voyage de noce, une urne sera mise \u00e0 disposition au ch\u00e2teau.<\/p>\n<p>Vous pouvez sinon d\u00e9poser votre contribution en suivant <a href=\"https:\/\/www.millemercismariage.com\/aetjfamily\/liste.html\">ce lien<\/a>.<\/p>\n<p>Merci beaucoup !<\/p>\n","protected":false},"excerpt":{"rendered":"<p>Si vous souhaitez participer \u00e0 notre installation dans notre futur appartement \u00e0 St Ouen ainsi qu&rsquo;\u00e0 notre voyage de noce,<\/p>\n<p><a href=\"https:\/\/aetjfamily.fr\/?page_id=120\" class=\"more-link\">Continue reading<span class=\"screen-reader-text\">Liste de mariage<\/span><\/a><\/p>\n","protected":false},"author":1,"featured_media":0,"parent":0,"menu_order":2,"comment_status":"closed","ping_status":"closed","template":"","meta":{"footnotes":""},"class_list":["post-120","page","type-page","status-publish","hentry"],"_links":{"self":[{"href":"https:\/\/aetjfamily.fr\/index.php?rest_route=\/wp\/v2\/pages\/120","targetHints":{"allow":["GET"]}}],"collection":[{"href":"https:\/\/aetjfamily.fr\/index.php?rest_route=\/wp\/v2\/pages"}],"about":[{"href":"https:\/\/aetjfamily.fr\/index.php?rest_route=\/wp\/v2\/types\/page"}],"author":[{"embeddable":true,"href":"https:\/\/aetjfamily.fr\/index.php?rest_route=\/wp\/v2\/users\/1"}],"replies":[{"embeddable":true,"href":"https:\/\/aetjfamily.fr\/index.php?rest_route=%2Fwp%2Fv2%2Fcomments&post=120"}],"version-history":[{"count":3,"href":"https:\/\/aetjfamily.fr\/index.php?rest_route=\/wp\/v2\/pages\/120\/revisions"}],"predecessor-version":[{"id":123,"href":"https:\/\/aetjfamily.fr\/index.php?rest_route=\/wp\/v2\/pages\/120\/revisions\/123"}],"wp:attachment":[{"href":"https:\/\/aetjfamily.fr\/index.php?rest_route=%2Fwp%2Fv2%2Fmedia&parent=120"}],"curies":[{"name":"wp","href":"https:\/\/api.w.org\/{rel}","templated":true}]}}